{"id":2,"date":"2025-07-10T13:45:10","date_gmt":"2025-07-10T13:45:10","guid":{"rendered":"https:\/\/sbgestion.rkinformatika.online\/?page_id=2"},"modified":"2025-07-21T10:25:09","modified_gmt":"2025-07-21T10:25:09","slug":"incio","status":"publish","type":"page","link":"https:\/\/sbgestion.com\/eu\/","title":{"rendered":"Hasiera"},"content":{"rendered":"<div data-elementor-type=\"wp-page\" data-elementor-id=\"2\" class=\"elementor elementor-2\" data-elementor-post-type=\"page\">\n\t\t\t\t\t\t<section class=\"elementor-section elementor-top-section elementor-element elementor-element-f5766cb elementor-section-boxed elementor-section-height-default elementor-section-height-default\" data-id=\"f5766cb\" data-element_type=\"section\" data-e-type=\"section\" data-settings=\"{&quot;background_background&quot;:&quot;classic&quot;}\">\n\t\t\t\t\t\t\t<div class=\"elementor-background-overlay\"><\/div>\n\t\t\t\t\t\t\t<div class=\"elementor-container elementor-column-gap-default\">\n\t\t\t\t\t<div class=\"elementor-column elementor-col-100 elementor-top-column elementor-element elementor-element-c553161\" data-id=\"c553161\" data-element_type=\"column\" data-e-type=\"column\">\n\t\t\t<div class=\"elementor-widget-wrap elementor-element-populated\">\n\t\t\t\t\t\t<div class=\"elementor-element elementor-element-01fd0b3 elementor-headline--style-highlight elementor-widget elementor-widget-animated-headline\" data-id=\"01fd0b3\" data-element_type=\"widget\" data-e-type=\"widget\" data-settings=\"{&quot;marker&quot;:&quot;underline&quot;,&quot;highlighted_text&quot;:&quot;Fiscal y Contable&quot;,&quot;headline_style&quot;:&quot;highlight&quot;,&quot;loop&quot;:&quot;yes&quot;,&quot;highlight_animation_duration&quot;:1200,&quot;highlight_iteration_delay&quot;:8000}\" data-widget_type=\"animated-headline.default\">\n\t\t\t\t\t\t\t<h3 class=\"elementor-headline\">\n\t\t\t\t\t<span class=\"elementor-headline-plain-text elementor-headline-text-wrapper\">Aholkularitza<\/span>\n\t\t\t\t<span class=\"elementor-headline-dynamic-wrapper elementor-headline-text-wrapper\">\n\t\t\t\t\t<span class=\"elementor-headline-dynamic-text elementor-headline-text-active\">Fiskala eta Kontularia<\/span>\n\t\t\t\t<\/span>\n\t\t\t\t<\/h3>\n\t\t\t\t\t\t<\/div>\n\t\t\t\t<div class=\"elementor-element elementor-element-bd02bf7 elementor-widget elementor-widget-button\" data-id=\"bd02bf7\" data-element_type=\"widget\" data-e-type=\"widget\" data-widget_type=\"button.default\">\n\t\t\t\t\t\t\t\t\t\t<a class=\"elementor-button elementor-button-link elementor-size-sm elementor-animation-pulse\" href=\"\/eu\/servicios\/\">\n\t\t\t\t\t\t<span class=\"elementor-button-content-wrapper\">\n\t\t\t\t\t\t\t\t\t<span class=\"elementor-button-text\">Zerbitzuak<\/span>\n\t\t\t\t\t<\/span>\n\t\t\t\t\t<\/a>\n\t\t\t\t\t\t\t\t<\/div>\n\t\t\t\t\t<\/div>\n\t\t<\/div>\n\t\t\t\t\t<\/div>\n\t\t<\/section>\n\t\t\t\t<section class=\"elementor-section elementor-top-section elementor-element elementor-element-8f473b3 elementor-section-boxed elementor-section-height-default elementor-section-height-default elementor-invisible\" data-id=\"8f473b3\" data-element_type=\"section\" data-e-type=\"section\" data-settings=\"{&quot;animation&quot;:&quot;fadeInDown&quot;}\">\n\t\t\t\t\t\t<div class=\"elementor-container elementor-column-gap-default\">\n\t\t\t\t\t<div class=\"elementor-column elementor-col-50 elementor-top-column elementor-element elementor-element-d1a3e54\" data-id=\"d1a3e54\" data-element_type=\"column\" data-e-type=\"column\">\n\t\t\t<div class=\"elementor-widget-wrap elementor-element-populated\">\n\t\t\t\t\t\t<div class=\"elementor-element elementor-element-bd9ddc3 elementor-invisible elementor-widget elementor-widget-heading\" data-id=\"bd9ddc3\" data-element_type=\"widget\" data-e-type=\"widget\" data-settings=\"{&quot;_animation&quot;:&quot;fadeIn&quot;,&quot;_animation_delay&quot;:50}\" data-widget_type=\"heading.default\">\n\t\t\t\t\t<h2 class=\"elementor-heading-title elementor-size-default\">Nor garen<\/h2>\t\t\t\t<\/div>\n\t\t\t\t<div class=\"elementor-element elementor-element-a23e8a8 elementor-invisible elementor-widget elementor-widget-heading\" data-id=\"a23e8a8\" data-element_type=\"widget\" data-e-type=\"widget\" data-settings=\"{&quot;_animation&quot;:&quot;fadeIn&quot;,&quot;_animation_delay&quot;:100}\" data-widget_type=\"heading.default\">\n\t\t\t\t\t<h2 class=\"elementor-heading-title elementor-size-default\">Igo zure negozioa gure profesionalekin<\/h2>\t\t\t\t<\/div>\n\t\t\t\t<div class=\"elementor-element elementor-element-df91eb7 elementor-hidden-tablet elementor-widget elementor-widget-text-editor\" data-id=\"df91eb7\" data-element_type=\"widget\" data-e-type=\"widget\" data-widget_type=\"text-editor.default\">\n\t\t\t\t\t\t\t\t\t<p>Gure bezeroei duela 30 urte baino gehiagotik laguntzen diegun talde bat gara, zerga mailan aholkularitza integrala ematen dieguna eta beren enpresen kontabilitatea dedikazioz eramaten duguna.<\/p><p>Urte hauetan zehar, bezero bakoitzaren behar espezifikoetara egokituko den zerbitzu pertsonalizatua eskaintzeko konpromisoa hartu dugu. Gainera, PFEZaren aitorpenak urtero egiteaz ere arduratzen gara, indarrean dauden araudi guztiak betetzen dituztela ziurtatuz eta haien egoera fiskala optimizatuz, etekinak maximizatu ahal izan ditzaten.<\/p>\t\t\t\t\t\t\t\t<\/div>\n\t\t\t\t\t<\/div>\n\t\t<\/div>\n\t\t\t\t<div class=\"elementor-column elementor-col-50 elementor-top-column elementor-element elementor-element-2c441a4\" data-id=\"2c441a4\" data-element_type=\"column\" data-e-type=\"column\">\n\t\t\t<div class=\"elementor-widget-wrap elementor-element-populated\">\n\t\t\t\t\t\t<div class=\"elementor-element elementor-element-2c5cedb elementor-widget elementor-widget-image\" data-id=\"2c5cedb\" data-element_type=\"widget\" data-e-type=\"widget\" data-widget_type=\"image.default\">\n\t\t\t\t\t\t\t\t\t\t\t\t\t\t\t<img fetchpriority=\"high\" decoding=\"async\" width=\"1000\" height=\"667\" src=\"https:\/\/sbgestion.com\/wp-content\/uploads\/2025\/07\/355.jpg\" class=\"attachment-full size-full wp-image-223\" alt=\"\" srcset=\"https:\/\/sbgestion.com\/wp-content\/uploads\/2025\/07\/355.jpg 1000w, https:\/\/sbgestion.com\/wp-content\/uploads\/2025\/07\/355-300x200.jpg 300w, https:\/\/sbgestion.com\/wp-content\/uploads\/2025\/07\/355-768x512.jpg 768w, https:\/\/sbgestion.com\/wp-content\/uploads\/2025\/07\/355-18x12.jpg 18w\" sizes=\"(max-width: 1000px) 100vw, 1000px\" \/>\t\t\t\t\t\t\t\t\t\t\t\t\t\t\t<\/div>\n\t\t\t\t\t<\/div>\n\t\t<\/div>\n\t\t\t\t\t<\/div>\n\t\t<\/section>\n\t\t\t\t<section class=\"elementor-section elementor-top-section elementor-element elementor-element-81811cd elementor-hidden-desktop elementor-hidden-mobile elementor-section-boxed elementor-section-height-default elementor-section-height-default elementor-invisible\" data-id=\"81811cd\" data-element_type=\"section\" data-e-type=\"section\" data-settings=\"{&quot;animation&quot;:&quot;fadeInDown&quot;}\">\n\t\t\t\t\t\t<div class=\"elementor-container elementor-column-gap-default\">\n\t\t\t\t\t<div class=\"elementor-column elementor-col-100 elementor-top-column elementor-element elementor-element-228dc6d\" data-id=\"228dc6d\" data-element_type=\"column\" data-e-type=\"column\">\n\t\t\t<div class=\"elementor-widget-wrap elementor-element-populated\">\n\t\t\t\t\t\t<div class=\"elementor-element elementor-element-139594d elementor-widget elementor-widget-text-editor\" data-id=\"139594d\" data-element_type=\"widget\" data-e-type=\"widget\" data-widget_type=\"text-editor.default\">\n\t\t\t\t\t\t\t\t\t<p>Gure bezeroei duela 30 urte baino gehiagotik laguntzen diegun talde bat gara, zerga mailan aholkularitza integrala ematen dieguna eta beren enpresen kontabilitatea dedikazioz eramaten duguna.<\/p><p>Urte hauetan zehar, bezero bakoitzaren behar espezifikoetara egokituko den zerbitzu pertsonalizatua eskaintzeko konpromisoa hartu dugu. Gainera, PFEZaren aitorpenak urtero egiteaz ere arduratzen gara, indarrean dauden araudi guztiak betetzen dituztela ziurtatuz eta haien egoera fiskala optimizatuz, etekinak maximizatu ahal izan ditzaten.<\/p>\t\t\t\t\t\t\t\t<\/div>\n\t\t\t\t\t<\/div>\n\t\t<\/div>\n\t\t\t\t\t<\/div>\n\t\t<\/section>\n\t\t<div class=\"elementor-element elementor-element-20d339a e-flex e-con-boxed e-con e-parent\" data-id=\"20d339a\" data-element_type=\"container\" data-e-type=\"container\" data-settings=\"{&quot;background_background&quot;:&quot;classic&quot;}\">\n\t\t\t\t\t<div class=\"e-con-inner\">\n\t\t\t\t<div class=\"elementor-element elementor-element-3cad2e8 elementor-invisible elementor-widget elementor-widget-heading\" data-id=\"3cad2e8\" data-element_type=\"widget\" data-e-type=\"widget\" data-settings=\"{&quot;_animation&quot;:&quot;fadeInRight&quot;}\" data-widget_type=\"heading.default\">\n\t\t\t\t\t<h2 class=\"elementor-heading-title elementor-size-default\">Ez duzu kontratu bat egingo dizunik? \n<br> Zatoz eta berehala egingo dizugu!<\/h2>\t\t\t\t<\/div>\n\t\t\t\t<div class=\"elementor-element elementor-element-2ebc25c elementor-align-center elementor-invisible elementor-widget elementor-widget-button\" data-id=\"2ebc25c\" data-element_type=\"widget\" data-e-type=\"widget\" data-settings=\"{&quot;_animation&quot;:&quot;fadeInLeft&quot;}\" data-widget_type=\"button.default\">\n\t\t\t\t\t\t\t\t\t\t<a class=\"elementor-button elementor-button-link elementor-size-sm elementor-animation-pulse\" href=\"https:\/\/sbgestion.com\/eu\/contacto\/\">\n\t\t\t\t\t\t<span class=\"elementor-button-content-wrapper\">\n\t\t\t\t\t\t\t\t\t<span class=\"elementor-button-text\">Jarri gurekin harremanetan<\/span>\n\t\t\t\t\t<\/span>\n\t\t\t\t\t<\/a>\n\t\t\t\t\t\t\t\t<\/div>\n\t\t\t\t\t<\/div>\n\t\t\t\t<\/div>\n\t\t\t\t<section class=\"elementor-section elementor-top-section elementor-element elementor-element-03fda43 elementor-section-boxed elementor-section-height-default elementor-section-height-default elementor-invisible\" data-id=\"03fda43\" data-element_type=\"section\" data-e-type=\"section\" data-settings=\"{&quot;animation&quot;:&quot;fadeInUp&quot;}\">\n\t\t\t\t\t\t<div class=\"elementor-container elementor-column-gap-default\">\n\t\t\t\t\t<div class=\"elementor-column elementor-col-50 elementor-top-column elementor-element elementor-element-a6a7c7f\" data-id=\"a6a7c7f\" data-element_type=\"column\" data-e-type=\"column\">\n\t\t\t<div class=\"elementor-widget-wrap elementor-element-populated\">\n\t\t\t\t\t\t<div class=\"elementor-element elementor-element-7e4c1e4 elementor-widget elementor-widget-image\" data-id=\"7e4c1e4\" data-element_type=\"widget\" data-e-type=\"widget\" data-widget_type=\"image.default\">\n\t\t\t\t\t\t\t\t\t\t\t\t\t\t\t<img decoding=\"async\" width=\"1000\" height=\"667\" src=\"https:\/\/sbgestion.com\/wp-content\/uploads\/2025\/07\/26.jpg\" class=\"attachment-full size-full wp-image-221\" alt=\"\" srcset=\"https:\/\/sbgestion.com\/wp-content\/uploads\/2025\/07\/26.jpg 1000w, https:\/\/sbgestion.com\/wp-content\/uploads\/2025\/07\/26-300x200.jpg 300w, https:\/\/sbgestion.com\/wp-content\/uploads\/2025\/07\/26-768x512.jpg 768w, https:\/\/sbgestion.com\/wp-content\/uploads\/2025\/07\/26-18x12.jpg 18w\" sizes=\"(max-width: 1000px) 100vw, 1000px\" \/>\t\t\t\t\t\t\t\t\t\t\t\t\t\t\t<\/div>\n\t\t\t\t\t<\/div>\n\t\t<\/div>\n\t\t\t\t<div class=\"elementor-column elementor-col-50 elementor-top-column elementor-element elementor-element-d4ea8e8\" data-id=\"d4ea8e8\" data-element_type=\"column\" data-e-type=\"column\">\n\t\t\t<div class=\"elementor-widget-wrap elementor-element-populated\">\n\t\t\t\t\t\t<div class=\"elementor-element elementor-element-a6d0bed elementor-invisible elementor-widget elementor-widget-heading\" data-id=\"a6d0bed\" data-element_type=\"widget\" data-e-type=\"widget\" data-settings=\"{&quot;_animation&quot;:&quot;fadeIn&quot;,&quot;_animation_delay&quot;:100}\" data-widget_type=\"heading.default\">\n\t\t\t\t\t<h2 class=\"elementor-heading-title elementor-size-default\">Zure negozioak distira egin dezala gure zerbitzuekin.<\/h2>\t\t\t\t<\/div>\n\t\t\t\t<div class=\"elementor-element elementor-element-892e230 elementor-list-item-link-full_width elementor-widget elementor-widget-icon-list\" data-id=\"892e230\" data-element_type=\"widget\" data-e-type=\"widget\" data-widget_type=\"icon-list.default\">\n\t\t\t\t\t\t\t<ul class=\"elementor-icon-list-items\">\n\t\t\t\t\t\t\t<li class=\"elementor-icon-list-item\">\n\t\t\t\t\t\t\t\t\t\t\t<span class=\"elementor-icon-list-icon\">\n\t\t\t\t\t\t\t<svg aria-hidden=\"true\" class=\"e-font-icon-svg e-fas-chart-line\" viewbox=\"0 0 512 512\" xmlns=\"http:\/\/www.w3.org\/2000\/svg\"><path d=\"M496 384H64V80c0-8.84-7.16-16-16-16H16C7.16 64 0 71.16 0 80v336c0 17.67 14.33 32 32 32h464c8.84 0 16-7.16 16-16v-32c0-8.84-7.16-16-16-16zM464 96H345.94c-21.38 0-32.09 25.85-16.97 40.97l32.4 32.4L288 242.75l-73.37-73.37c-12.5-12.5-32.76-12.5-45.25 0l-68.69 68.69c-6.25 6.25-6.25 16.38 0 22.63l22.62 22.62c6.25 6.25 16.38 6.25 22.63 0L192 237.25l73.37 73.37c12.5 12.5 32.76 12.5 45.25 0l96-96 32.4 32.4c15.12 15.12 40.97 4.41 40.97-16.97V112c.01-8.84-7.15-16-15.99-16z\"><\/path><\/svg>\t\t\t\t\t\t<\/span>\n\t\t\t\t\t\t\t\t\t\t<span class=\"elementor-icon-list-text\">Zerga- eta kontabilitate-aholkularitza<\/span>\n\t\t\t\t\t\t\t\t\t<\/li>\n\t\t\t\t\t\t<\/ul>\n\t\t\t\t\t\t<\/div>\n\t\t\t\t<div class=\"elementor-element elementor-element-08456f7 elementor-list-item-link-full_width elementor-widget elementor-widget-icon-list\" data-id=\"08456f7\" data-element_type=\"widget\" data-e-type=\"widget\" data-widget_type=\"icon-list.default\">\n\t\t\t\t\t\t\t<ul class=\"elementor-icon-list-items\">\n\t\t\t\t\t\t\t<li class=\"elementor-icon-list-item\">\n\t\t\t\t\t\t\t\t\t\t\t<span class=\"elementor-icon-list-icon\">\n\t\t\t\t\t\t\t<svg aria-hidden=\"true\" class=\"e-font-icon-svg e-far-handshake\" viewbox=\"0 0 640 512\" xmlns=\"http:\/\/www.w3.org\/2000\/svg\"><path d=\"M519.2 127.9l-47.6-47.6A56.252 56.252 0 0 0 432 64H205.2c-14.8 0-29.1 5.9-39.6 16.3L118 127.9H0v255.7h64c17.6 0 31.8-14.2 31.9-31.7h9.1l84.6 76.4c30.9 25.1 73.8 25.7 105.6 3.8 12.5 10.8 26 15.9 41.1 15.9 18.2 0 35.3-7.4 48.8-24 22.1 8.7 48.2 2.6 64-16.8l26.2-32.3c5.6-6.9 9.1-14.8 10.9-23h57.9c.1 17.5 14.4 31.7 31.9 31.7h64V127.9H519.2zM48 351.6c-8.8 0-16-7.2-16-16s7.2-16 16-16 16 7.2 16 16c0 8.9-7.2 16-16 16zm390-6.9l-26.1 32.2c-2.8 3.4-7.8 4-11.3 1.2l-23.9-19.4-30 36.5c-6 7.3-15 4.8-18 2.4l-36.8-31.5-15.6 19.2c-13.9 17.1-39.2 19.7-55.3 6.6l-97.3-88H96V175.8h41.9l61.7-61.6c2-.8 3.7-1.5 5.7-2.3H262l-38.7 35.5c-29.4 26.9-31.1 72.3-4.4 101.3 14.8 16.2 61.2 41.2 101.5 4.4l8.2-7.5 108.2 87.8c3.4 2.8 3.9 7.9 1.2 11.3zm106-40.8h-69.2c-2.3-2.8-4.9-5.4-7.7-7.7l-102.7-83.4 12.5-11.4c6.5-6 7-16.1 1-22.6L367 167.1c-6-6.5-16.1-6.9-22.6-1l-55.2 50.6c-9.5 8.7-25.7 9.4-34.6 0-9.3-9.9-8.5-25.1 1.2-33.9l65.6-60.1c7.4-6.8 17-10.5 27-10.5l83.7-.2c2.1 0 4.1.8 5.5 2.3l61.7 61.6H544v128zm48 47.7c-8.8 0-16-7.2-16-16s7.2-16 16-16 16 7.2 16 16c0 8.9-7.2 16-16 16z\"><\/path><\/svg>\t\t\t\t\t\t<\/span>\n\t\t\t\t\t\t\t\t\t\t<span class=\"elementor-icon-list-text\">Merkataritza-arloa: eraketa-eskriturak, estatutuak aldatzea eta merkataritzako nahiz alokairuko kontratuak egitea<\/span>\n\t\t\t\t\t\t\t\t\t<\/li>\n\t\t\t\t\t\t<\/ul>\n\t\t\t\t\t\t<\/div>\n\t\t\t\t\t<\/div>\n\t\t<\/div>\n\t\t\t\t\t<\/div>\n\t\t<\/section>\n\t\t\t\t<\/div>","protected":false},"excerpt":{"rendered":"<p>Asesor\u00eda Fiscal y Contable Servicios Quienes somos Eleve su negocio con nuestros profesionales Somos un equipo que llevamos acompa\u00f1ando a nuestros clientes desde hace m\u00e1s de 30 a\u00f1os, asesor\u00e1ndoles de manera integral a nivel fiscal y llevando con dedicaci\u00f3n la contabilidad de sus empresas. A lo largo de estos a\u00f1os, nos hemos comprometido a ofrecer [&hellip;]<\/p>\n","protected":false},"author":1,"featured_media":0,"parent":0,"menu_order":0,"comment_status":"closed","ping_status":"closed","template":"elementor_canvas","meta":{"footnotes":""},"class_list":["post-2","page","type-page","status-publish","hentry"],"yoast_head":"<!-- This site is optimized with the Yoast SEO plugin v27.5 - https:\/\/yoast.com\/product\/yoast-seo-wordpress\/ -->\n<title>Inicio - SB Gesti\u00f3n Impuestos<\/title>\n<meta name=\"robots\" content=\"index, follow, max-snippet:-1, max-image-preview:large, max-video-preview:-1\" \/>\n<link rel=\"canonical\" href=\"https:\/\/sbgestion.com\/eu\/\" \/>\n<meta property=\"og:locale\" content=\"en_US\" \/>\n<meta property=\"og:type\" content=\"article\" \/>\n<meta property=\"og:title\" content=\"Inicio - SB Gesti\u00f3n Impuestos\" \/>\n<meta property=\"og:description\" content=\"Asesor\u00eda Fiscal y Contable Servicios Quienes somos Eleve su negocio con nuestros profesionales Somos un equipo que llevamos acompa\u00f1ando a nuestros clientes desde hace m\u00e1s de 30 a\u00f1os, asesor\u00e1ndoles de manera integral a nivel fiscal y llevando con dedicaci\u00f3n la contabilidad de sus empresas. A lo largo de estos a\u00f1os, nos hemos comprometido a ofrecer [&hellip;]\" \/>\n<meta property=\"og:url\" content=\"https:\/\/sbgestion.com\/eu\/\" \/>\n<meta property=\"og:site_name\" content=\"SB Gesti\u00f3n Impuestos\" \/>\n<meta property=\"article:modified_time\" content=\"2025-07-21T10:25:09+00:00\" \/>\n<meta property=\"og:image\" content=\"https:\/\/sbgestion.com\/wp-content\/uploads\/2025\/07\/355.jpg\" \/>\n<meta name=\"twitter:card\" content=\"summary_large_image\" \/>\n<meta name=\"twitter:label1\" content=\"Est. reading time\" \/>\n\t<meta name=\"twitter:data1\" content=\"2 minutua\" \/>\n<script type=\"application\/ld+json\" class=\"yoast-schema-graph\">{\"@context\":\"https:\\\/\\\/schema.org\",\"@graph\":[{\"@type\":\"WebPage\",\"@id\":\"https:\\\/\\\/sbgestion.com\\\/\",\"url\":\"https:\\\/\\\/sbgestion.com\\\/\",\"name\":\"Inicio - SB Gesti\u00f3n Impuestos\",\"isPartOf\":{\"@id\":\"https:\\\/\\\/sbgestion.com\\\/#website\"},\"primaryImageOfPage\":{\"@id\":\"https:\\\/\\\/sbgestion.com\\\/#primaryimage\"},\"image\":{\"@id\":\"https:\\\/\\\/sbgestion.com\\\/#primaryimage\"},\"thumbnailUrl\":\"https:\\\/\\\/sbgestion.com\\\/wp-content\\\/uploads\\\/2025\\\/07\\\/355.jpg\",\"datePublished\":\"2025-07-10T13:45:10+00:00\",\"dateModified\":\"2025-07-21T10:25:09+00:00\",\"breadcrumb\":{\"@id\":\"https:\\\/\\\/sbgestion.com\\\/#breadcrumb\"},\"inLanguage\":\"eu\",\"potentialAction\":[{\"@type\":\"ReadAction\",\"target\":[\"https:\\\/\\\/sbgestion.com\\\/\"]}]},{\"@type\":\"ImageObject\",\"inLanguage\":\"eu\",\"@id\":\"https:\\\/\\\/sbgestion.com\\\/#primaryimage\",\"url\":\"https:\\\/\\\/sbgestion.com\\\/wp-content\\\/uploads\\\/2025\\\/07\\\/355.jpg\",\"contentUrl\":\"https:\\\/\\\/sbgestion.com\\\/wp-content\\\/uploads\\\/2025\\\/07\\\/355.jpg\"},{\"@type\":\"BreadcrumbList\",\"@id\":\"https:\\\/\\\/sbgestion.com\\\/#breadcrumb\",\"itemListElement\":[{\"@type\":\"ListItem\",\"position\":1,\"name\":\"Portada\",\"item\":\"https:\\\/\\\/sbgestion.com\\\/\"},{\"@type\":\"ListItem\",\"position\":2,\"name\":\"Inicio\"}]},{\"@type\":\"WebSite\",\"@id\":\"https:\\\/\\\/sbgestion.com\\\/#website\",\"url\":\"https:\\\/\\\/sbgestion.com\\\/\",\"name\":\"SB Gesti\u00f3n Impuestos\",\"description\":\"SB Gesti\u00f3n Impuestos\",\"publisher\":{\"@id\":\"https:\\\/\\\/sbgestion.com\\\/#organization\"},\"potentialAction\":[{\"@type\":\"SearchAction\",\"target\":{\"@type\":\"EntryPoint\",\"urlTemplate\":\"https:\\\/\\\/sbgestion.com\\\/?s={search_term_string}\"},\"query-input\":{\"@type\":\"PropertyValueSpecification\",\"valueRequired\":true,\"valueName\":\"search_term_string\"}}],\"inLanguage\":\"eu\"},{\"@type\":\"Organization\",\"@id\":\"https:\\\/\\\/sbgestion.com\\\/#organization\",\"name\":\"SB Gesti\u00f3n Impuestos\",\"url\":\"https:\\\/\\\/sbgestion.com\\\/\",\"logo\":{\"@type\":\"ImageObject\",\"inLanguage\":\"eu\",\"@id\":\"https:\\\/\\\/sbgestion.com\\\/#\\\/schema\\\/logo\\\/image\\\/\",\"url\":\"https:\\\/\\\/sbgestion.com\\\/wp-content\\\/uploads\\\/2025\\\/07\\\/cropped-SB-05.png\",\"contentUrl\":\"https:\\\/\\\/sbgestion.com\\\/wp-content\\\/uploads\\\/2025\\\/07\\\/cropped-SB-05.png\",\"width\":752,\"height\":86,\"caption\":\"SB Gesti\u00f3n Impuestos\"},\"image\":{\"@id\":\"https:\\\/\\\/sbgestion.com\\\/#\\\/schema\\\/logo\\\/image\\\/\"}}]}<\/script>\n<!-- \/ Yoast SEO plugin. -->","yoast_head_json":{"title":"Inicio - SB Gesti\u00f3n Impuestos","robots":{"index":"index","follow":"follow","max-snippet":"max-snippet:-1","max-image-preview":"max-image-preview:large","max-video-preview":"max-video-preview:-1"},"canonical":"https:\/\/sbgestion.com\/eu\/","og_locale":"en_US","og_type":"article","og_title":"Inicio - SB Gesti\u00f3n Impuestos","og_description":"Asesor\u00eda Fiscal y Contable Servicios Quienes somos Eleve su negocio con nuestros profesionales Somos un equipo que llevamos acompa\u00f1ando a nuestros clientes desde hace m\u00e1s de 30 a\u00f1os, asesor\u00e1ndoles de manera integral a nivel fiscal y llevando con dedicaci\u00f3n la contabilidad de sus empresas. A lo largo de estos a\u00f1os, nos hemos comprometido a ofrecer [&hellip;]","og_url":"https:\/\/sbgestion.com\/eu\/","og_site_name":"SB Gesti\u00f3n Impuestos","article_modified_time":"2025-07-21T10:25:09+00:00","og_image":[{"url":"https:\/\/sbgestion.com\/wp-content\/uploads\/2025\/07\/355.jpg","type":"","width":"","height":""}],"twitter_card":"summary_large_image","twitter_misc":{"Est. reading time":"2 minutua"},"schema":{"@context":"https:\/\/schema.org","@graph":[{"@type":"WebPage","@id":"https:\/\/sbgestion.com\/","url":"https:\/\/sbgestion.com\/","name":"Inicio - SB Gesti\u00f3n Impuestos","isPartOf":{"@id":"https:\/\/sbgestion.com\/#website"},"primaryImageOfPage":{"@id":"https:\/\/sbgestion.com\/#primaryimage"},"image":{"@id":"https:\/\/sbgestion.com\/#primaryimage"},"thumbnailUrl":"https:\/\/sbgestion.com\/wp-content\/uploads\/2025\/07\/355.jpg","datePublished":"2025-07-10T13:45:10+00:00","dateModified":"2025-07-21T10:25:09+00:00","breadcrumb":{"@id":"https:\/\/sbgestion.com\/#breadcrumb"},"inLanguage":"eu","potentialAction":[{"@type":"ReadAction","target":["https:\/\/sbgestion.com\/"]}]},{"@type":"ImageObject","inLanguage":"eu","@id":"https:\/\/sbgestion.com\/#primaryimage","url":"https:\/\/sbgestion.com\/wp-content\/uploads\/2025\/07\/355.jpg","contentUrl":"https:\/\/sbgestion.com\/wp-content\/uploads\/2025\/07\/355.jpg"},{"@type":"BreadcrumbList","@id":"https:\/\/sbgestion.com\/#breadcrumb","itemListElement":[{"@type":"ListItem","position":1,"name":"Portada","item":"https:\/\/sbgestion.com\/"},{"@type":"ListItem","position":2,"name":"Inicio"}]},{"@type":"WebSite","@id":"https:\/\/sbgestion.com\/#website","url":"https:\/\/sbgestion.com\/","name":"SB Gesti\u00f3n Impuestos","description":"SB Gesti\u00f3n Impuestos","publisher":{"@id":"https:\/\/sbgestion.com\/#organization"},"potentialAction":[{"@type":"SearchAction","target":{"@type":"EntryPoint","urlTemplate":"https:\/\/sbgestion.com\/?s={search_term_string}"},"query-input":{"@type":"PropertyValueSpecification","valueRequired":true,"valueName":"search_term_string"}}],"inLanguage":"eu"},{"@type":"Organization","@id":"https:\/\/sbgestion.com\/#organization","name":"SB Gesti\u00f3n Impuestos","url":"https:\/\/sbgestion.com\/","logo":{"@type":"ImageObject","inLanguage":"eu","@id":"https:\/\/sbgestion.com\/#\/schema\/logo\/image\/","url":"https:\/\/sbgestion.com\/wp-content\/uploads\/2025\/07\/cropped-SB-05.png","contentUrl":"https:\/\/sbgestion.com\/wp-content\/uploads\/2025\/07\/cropped-SB-05.png","width":752,"height":86,"caption":"SB Gesti\u00f3n Impuestos"},"image":{"@id":"https:\/\/sbgestion.com\/#\/schema\/logo\/image\/"}}]}},"_links":{"self":[{"href":"https:\/\/sbgestion.com\/eu\/wp-json\/wp\/v2\/pages\/2","targetHints":{"allow":["GET"]}}],"collection":[{"href":"https:\/\/sbgestion.com\/eu\/wp-json\/wp\/v2\/pages"}],"about":[{"href":"https:\/\/sbgestion.com\/eu\/wp-json\/wp\/v2\/types\/page"}],"author":[{"embeddable":true,"href":"https:\/\/sbgestion.com\/eu\/wp-json\/wp\/v2\/users\/1"}],"replies":[{"embeddable":true,"href":"https:\/\/sbgestion.com\/eu\/wp-json\/wp\/v2\/comments?post=2"}],"version-history":[{"count":283,"href":"https:\/\/sbgestion.com\/eu\/wp-json\/wp\/v2\/pages\/2\/revisions"}],"predecessor-version":[{"id":885,"href":"https:\/\/sbgestion.com\/eu\/wp-json\/wp\/v2\/pages\/2\/revisions\/885"}],"wp:attachment":[{"href":"https:\/\/sbgestion.com\/eu\/wp-json\/wp\/v2\/media?parent=2"}],"curies":[{"name":"wp","href":"https:\/\/api.w.org\/{rel}","templated":true}]}}