{"id":10,"date":"2025-07-10T13:58:54","date_gmt":"2025-07-10T13:58:54","guid":{"rendered":"https:\/\/sbgestion.rkinformatika.online\/?page_id=10"},"modified":"2025-07-11T15:11:55","modified_gmt":"2025-07-11T15:11:55","slug":"servicios","status":"publish","type":"page","link":"https:\/\/sbgestion.com\/eu\/servicios\/","title":{"rendered":"Zerbitzuak"},"content":{"rendered":"<div data-elementor-type=\"wp-page\" data-elementor-id=\"10\" class=\"elementor elementor-10\" data-elementor-post-type=\"page\">\n\t\t\t\t\t\t<section class=\"elementor-section elementor-top-section elementor-element elementor-element-5262269 elementor-section-boxed elementor-section-height-default elementor-section-height-default\" data-id=\"5262269\" data-element_type=\"section\" data-e-type=\"section\" data-settings=\"{&quot;background_background&quot;:&quot;classic&quot;}\">\n\t\t\t\t\t\t\t<div class=\"elementor-background-overlay\"><\/div>\n\t\t\t\t\t\t\t<div class=\"elementor-container elementor-column-gap-default\">\n\t\t\t\t\t<div class=\"elementor-column elementor-col-100 elementor-top-column elementor-element elementor-element-a40c52f\" data-id=\"a40c52f\" data-element_type=\"column\" data-e-type=\"column\">\n\t\t\t<div class=\"elementor-widget-wrap\">\n\t\t\t\t\t\t\t<\/div>\n\t\t<\/div>\n\t\t\t\t\t<\/div>\n\t\t<\/section>\n\t\t<div class=\"elementor-element elementor-element-9a75dd4 e-flex e-con-boxed e-con e-parent\" data-id=\"9a75dd4\" data-element_type=\"container\" data-e-type=\"container\">\n\t\t\t\t\t<div class=\"e-con-inner\">\n\t\t<div class=\"elementor-element elementor-element-c1a9838 e-con-full e-flex e-con e-child\" data-id=\"c1a9838\" data-element_type=\"container\" data-e-type=\"container\">\n\t\t\t\t<div class=\"elementor-element elementor-element-62fb72b elementor-invisible elementor-widget elementor-widget-heading\" data-id=\"62fb72b\" data-element_type=\"widget\" data-e-type=\"widget\" data-settings=\"{&quot;_animation&quot;:&quot;fadeIn&quot;,&quot;_animation_delay&quot;:50}\" data-widget_type=\"heading.default\">\n\t\t\t\t\t<h2 class=\"elementor-heading-title elementor-size-default\">Nuestros servicios<\/h2>\t\t\t\t<\/div>\n\t\t\t\t<div class=\"elementor-element elementor-element-d24bbd8 elementor-invisible elementor-widget elementor-widget-heading\" data-id=\"d24bbd8\" data-element_type=\"widget\" data-e-type=\"widget\" data-settings=\"{&quot;_animation&quot;:&quot;fadeIn&quot;,&quot;_animation_delay&quot;:100}\" data-widget_type=\"heading.default\">\n\t\t\t\t\t<h2 class=\"elementor-heading-title elementor-size-default\">Zerga- eta kontabilitate-aholkularitza<\/h2>\t\t\t\t<\/div>\n\t\t\t\t<div class=\"elementor-element elementor-element-ffaa920 elementor-widget elementor-widget-text-editor\" data-id=\"ffaa920\" data-element_type=\"widget\" data-e-type=\"widget\" data-widget_type=\"text-editor.default\">\n\t\t\t\t\t\t\t\t\t<p>Llevamos la contabilidad y elaboraci\u00f3n de todos los impuestos a los que est\u00e1n obligadas las empresas.<br \/>Adem\u00e1s, para aquellas que tienen bienes inmuebles en alquiler, ofrecemos el servicio de elaboraci\u00f3n de contratos, presentaci\u00f3n ante el organismo p\u00fablico correspondiente de las fianzas y control y seguimiento anual de las actualizaciones de la renta. Tambi\u00e9n elaboramos las declaraciones de la renta de personas f\u00edsicas.<\/p>\t\t\t\t\t\t\t\t<\/div>\n\t\t\t\t<\/div>\n\t\t<div class=\"elementor-element elementor-element-0e5fd8a e-con-full e-flex e-con e-child\" data-id=\"0e5fd8a\" data-element_type=\"container\" data-e-type=\"container\">\n\t\t\t\t<div class=\"elementor-element elementor-element-4f73212 elementor-widget elementor-widget-image\" data-id=\"4f73212\" data-element_type=\"widget\" data-e-type=\"widget\" data-widget_type=\"image.default\">\n\t\t\t\t\t\t\t\t\t\t\t\t\t\t\t<img fetchpriority=\"high\" decoding=\"async\" width=\"1000\" height=\"684\" src=\"https:\/\/sbgestion.com\/wp-content\/uploads\/2025\/07\/2151953963.jpg\" class=\"attachment-full size-full wp-image-222\" alt=\"\" srcset=\"https:\/\/sbgestion.com\/wp-content\/uploads\/2025\/07\/2151953963.jpg 1000w, https:\/\/sbgestion.com\/wp-content\/uploads\/2025\/07\/2151953963-300x205.jpg 300w, https:\/\/sbgestion.com\/wp-content\/uploads\/2025\/07\/2151953963-768x525.jpg 768w, https:\/\/sbgestion.com\/wp-content\/uploads\/2025\/07\/2151953963-18x12.jpg 18w\" sizes=\"(max-width: 1000px) 100vw, 1000px\" \/>\t\t\t\t\t\t\t\t\t\t\t\t\t\t\t<\/div>\n\t\t\t\t<\/div>\n\t\t\t\t\t<\/div>\n\t\t\t\t<\/div>\n\t\t<div class=\"elementor-element elementor-element-ec6fbbf e-flex e-con-boxed e-con e-parent\" data-id=\"ec6fbbf\" data-element_type=\"container\" data-e-type=\"container\" data-settings=\"{&quot;background_background&quot;:&quot;classic&quot;}\">\n\t\t\t\t\t<div class=\"e-con-inner\">\n\t\t\t\t<div class=\"elementor-element elementor-element-7089039 elementor-invisible elementor-widget elementor-widget-heading\" data-id=\"7089039\" data-element_type=\"widget\" data-e-type=\"widget\" data-settings=\"{&quot;_animation&quot;:&quot;fadeInRight&quot;}\" data-widget_type=\"heading.default\">\n\t\t\t\t\t<h2 class=\"elementor-heading-title elementor-size-default\">\u00a1Consulte hoy con nuestros expertos para un ma\u00f1ana pr\u00f3spero!<\/h2>\t\t\t\t<\/div>\n\t\t\t\t<div class=\"elementor-element elementor-element-48222da elementor-align-center elementor-invisible elementor-widget elementor-widget-button\" data-id=\"48222da\" data-element_type=\"widget\" data-e-type=\"widget\" data-settings=\"{&quot;_animation&quot;:&quot;fadeInLeft&quot;}\" data-widget_type=\"button.default\">\n\t\t\t\t\t\t\t\t\t\t<a class=\"elementor-button elementor-button-link elementor-size-sm elementor-animation-pulse\" href=\"https:\/\/sbgestion.com\/eu\/contacto\/\">\n\t\t\t\t\t\t<span class=\"elementor-button-content-wrapper\">\n\t\t\t\t\t\t\t\t\t<span class=\"elementor-button-text\">Jarri gurekin harremanetan<\/span>\n\t\t\t\t\t<\/span>\n\t\t\t\t\t<\/a>\n\t\t\t\t\t\t\t\t<\/div>\n\t\t\t\t\t<\/div>\n\t\t\t\t<\/div>\n\t\t\t\t<section class=\"elementor-section elementor-top-section elementor-element elementor-element-945249c elementor-section-content-middle envato-kit-141 elementor-section-boxed elementor-section-height-default elementor-section-height-default elementor-invisible\" data-id=\"945249c\" data-element_type=\"section\" data-e-type=\"section\" data-settings=\"{&quot;background_background&quot;:&quot;classic&quot;,&quot;animation&quot;:&quot;fadeInDown&quot;}\">\n\t\t\t\t\t\t\t<div class=\"elementor-background-overlay\"><\/div>\n\t\t\t\t\t\t\t<div class=\"elementor-container elementor-column-gap-wide\">\n\t\t\t\t\t<div class=\"elementor-column elementor-col-100 elementor-top-column elementor-element elementor-element-c509841\" data-id=\"c509841\" data-element_type=\"column\" data-e-type=\"column\">\n\t\t\t<div class=\"elementor-widget-wrap elementor-element-populated\">\n\t\t\t\t\t\t<div class=\"elementor-element elementor-element-cd8b8f3 elementor-invisible elementor-widget elementor-widget-heading\" data-id=\"cd8b8f3\" data-element_type=\"widget\" data-e-type=\"widget\" data-settings=\"{&quot;_animation&quot;:&quot;fadeIn&quot;,&quot;_animation_delay&quot;:50}\" data-widget_type=\"heading.default\">\n\t\t\t\t\t<h2 class=\"elementor-heading-title elementor-size-default\">Que te ofrecemos<\/h2>\t\t\t\t<\/div>\n\t\t\t\t<div class=\"elementor-element elementor-element-8defd50 elementor-invisible elementor-widget elementor-widget-heading\" data-id=\"8defd50\" data-element_type=\"widget\" data-e-type=\"widget\" data-settings=\"{&quot;_animation&quot;:&quot;fadeIn&quot;,&quot;_animation_delay&quot;:100}\" data-widget_type=\"heading.default\">\n\t\t\t\t\t<h2 class=\"elementor-heading-title elementor-size-default\">Navegando con n\u00fameros, construyendo el \u00e9xito<\/h2>\t\t\t\t<\/div>\n\t\t\t\t\t<\/div>\n\t\t<\/div>\n\t\t\t\t\t<\/div>\n\t\t<\/section>\n\t\t<div class=\"elementor-element elementor-element-844c62b e-grid e-con-boxed elementor-invisible e-con e-parent\" data-id=\"844c62b\" data-element_type=\"container\" data-e-type=\"container\" data-settings=\"{&quot;background_background&quot;:&quot;classic&quot;,&quot;animation&quot;:&quot;fadeInUp&quot;}\">\n\t\t\t\t\t<div class=\"e-con-inner\">\n\t\t\t\t<div class=\"elementor-element elementor-element-09cfc36 elementor-cta--skin-classic elementor-animated-content elementor-bg-transform elementor-bg-transform-zoom-in elementor-widget elementor-widget-call-to-action\" data-id=\"09cfc36\" data-element_type=\"widget\" data-e-type=\"widget\" data-widget_type=\"call-to-action.default\">\n\t\t\t\t\t\t\t<div class=\"elementor-cta\">\n\t\t\t\t\t<div class=\"elementor-cta__bg-wrapper\">\n\t\t\t\t<div class=\"elementor-cta__bg elementor-bg\" style=\"background-image: url(https:\/\/sbgestion.com\/wp-content\/uploads\/2025\/07\/2148305980.jpg);\" role=\"img\" aria-label=\"2148305980\"><\/div>\n\t\t\t\t<div class=\"elementor-cta__bg-overlay\"><\/div>\n\t\t\t<\/div>\n\t\t\t\t\t\t\t<div class=\"elementor-cta__content\">\n\t\t\t\t\n\t\t\t\t\t\t\t\t\t<h2 class=\"elementor-cta__title elementor-cta__content-item elementor-content-item\">\n\t\t\t\t\t\tContabilidad de empresas\t\t\t\t\t<\/h2>\n\t\t\t\t\n\t\t\t\t\t\t\t\t\t<div class=\"elementor-cta__description elementor-cta__content-item elementor-content-item\">\n\t\t\t\t\t\tContabilidad de todo tipo de sociedades, libros oficiales y cuentas anuales. \t\t\t\t\t<\/div>\n\t\t\t\t\n\t\t\t\t\t\t\t<\/div>\n\t\t\t\t\t\t<\/div>\n\t\t\t\t\t\t<\/div>\n\t\t\t\t<div class=\"elementor-element elementor-element-1760398 elementor-cta--skin-classic elementor-animated-content elementor-bg-transform elementor-bg-transform-zoom-in elementor-widget elementor-widget-call-to-action\" data-id=\"1760398\" data-element_type=\"widget\" data-e-type=\"widget\" data-widget_type=\"call-to-action.default\">\n\t\t\t\t\t\t\t<div class=\"elementor-cta\">\n\t\t\t\t\t<div class=\"elementor-cta__bg-wrapper\">\n\t\t\t\t<div class=\"elementor-cta__bg elementor-bg\" style=\"background-image: url(https:\/\/sbgestion.com\/wp-content\/uploads\/2025\/07\/2147764253.jpg);\" role=\"img\" aria-label=\"2147764253\"><\/div>\n\t\t\t\t<div class=\"elementor-cta__bg-overlay\"><\/div>\n\t\t\t<\/div>\n\t\t\t\t\t\t\t<div class=\"elementor-cta__content\">\n\t\t\t\t\n\t\t\t\t\t\t\t\t\t<h2 class=\"elementor-cta__title elementor-cta__content-item elementor-content-item\">\n\t\t\t\t\t\tSociedades de bienes inmuebles\t\t\t\t\t<\/h2>\n\t\t\t\t\n\t\t\t\t\t\t\t\t\t<div class=\"elementor-cta__description elementor-cta__content-item elementor-content-item\">\n\t\t\t\t\t\tElaboraci\u00f3n de contratos de alquiler, actualizaciones de rentas y presentaci\u00f3n en los Ayuntamientos de las fianzas.\t\t\t\t\t<\/div>\n\t\t\t\t\n\t\t\t\t\t\t\t<\/div>\n\t\t\t\t\t\t<\/div>\n\t\t\t\t\t\t<\/div>\n\t\t\t\t<div class=\"elementor-element elementor-element-942b9c6 elementor-cta--skin-classic elementor-animated-content elementor-bg-transform elementor-bg-transform-zoom-in elementor-widget elementor-widget-call-to-action\" data-id=\"942b9c6\" data-element_type=\"widget\" data-e-type=\"widget\" data-widget_type=\"call-to-action.default\">\n\t\t\t\t\t\t\t<div class=\"elementor-cta\">\n\t\t\t\t\t<div class=\"elementor-cta__bg-wrapper\">\n\t\t\t\t<div class=\"elementor-cta__bg elementor-bg\" style=\"background-image: url(https:\/\/sbgestion.com\/wp-content\/uploads\/2025\/07\/68557.jpg);\" role=\"img\" aria-label=\"68557\"><\/div>\n\t\t\t\t<div class=\"elementor-cta__bg-overlay\"><\/div>\n\t\t\t<\/div>\n\t\t\t\t\t\t\t<div class=\"elementor-cta__content\">\n\t\t\t\t\n\t\t\t\t\t\t\t\t\t<h2 class=\"elementor-cta__title elementor-cta__content-item elementor-content-item\">\n\t\t\t\t\t\tPresentaci\u00f3n de Impuestos\t\t\t\t\t<\/h2>\n\t\t\t\t\n\t\t\t\t\t\t\t\t\t<div class=\"elementor-cta__description elementor-cta__content-item elementor-content-item\">\n\t\t\t\t\t\tElaboraci\u00f3n de impuestos mensuales, trimestrales y anuales.\t\t\t\t\t<\/div>\n\t\t\t\t\n\t\t\t\t\t\t\t<\/div>\n\t\t\t\t\t\t<\/div>\n\t\t\t\t\t\t<\/div>\n\t\t\t\t<div class=\"elementor-element elementor-element-92bf77c elementor-cta--skin-classic elementor-animated-content elementor-bg-transform elementor-bg-transform-zoom-in elementor-widget elementor-widget-call-to-action\" data-id=\"92bf77c\" data-element_type=\"widget\" data-e-type=\"widget\" data-widget_type=\"call-to-action.default\">\n\t\t\t\t\t\t\t<div class=\"elementor-cta\">\n\t\t\t\t\t<div class=\"elementor-cta__bg-wrapper\">\n\t\t\t\t<div class=\"elementor-cta__bg elementor-bg\" style=\"background-image: url(https:\/\/sbgestion.com\/wp-content\/uploads\/2025\/07\/749.jpg);\" role=\"img\" aria-label=\"749\"><\/div>\n\t\t\t\t<div class=\"elementor-cta__bg-overlay\"><\/div>\n\t\t\t<\/div>\n\t\t\t\t\t\t\t<div class=\"elementor-cta__content\">\n\t\t\t\t\n\t\t\t\t\t\t\t\t\t<h2 class=\"elementor-cta__title elementor-cta__content-item elementor-content-item\">\n\t\t\t\t\t\tIRPF\t\t\t\t\t<\/h2>\n\t\t\t\t\n\t\t\t\t\t\t\t\t\t<div class=\"elementor-cta__description elementor-cta__content-item elementor-content-item\">\n\t\t\t\t\t\tPresentaci\u00f3n del IRPF\t\t\t\t\t<\/div>\n\t\t\t\t\n\t\t\t\t\t\t\t<\/div>\n\t\t\t\t\t\t<\/div>\n\t\t\t\t\t\t<\/div>\n\t\t\t\t\t<\/div>\n\t\t\t\t<\/div>\n\t\t\t\t<\/div>","protected":false},"excerpt":{"rendered":"<p>Nuestros servicios Asesor\u00eda fiscal y contable Llevamos la contabilidad y elaboraci\u00f3n de todos los impuestos a los que est\u00e1n obligadas las empresas.Adem\u00e1s, para aquellas que tienen bienes inmuebles en alquiler, ofrecemos el servicio de elaboraci\u00f3n de contratos, presentaci\u00f3n ante el organismo p\u00fablico correspondiente de las fianzas y control y seguimiento anual de las actualizaciones de [&hellip;]<\/p>\n","protected":false},"author":1,"featured_media":0,"parent":0,"menu_order":0,"comment_status":"closed","ping_status":"closed","template":"elementor_canvas","meta":{"footnotes":""},"class_list":["post-10","page","type-page","status-publish","hentry"],"yoast_head":"<!-- This site is optimized with the Yoast SEO plugin v27.5 - https:\/\/yoast.com\/product\/yoast-seo-wordpress\/ -->\n<title>Servicios - SB Gesti\u00f3n Impuestos<\/title>\n<meta name=\"robots\" content=\"index, follow, max-snippet:-1, max-image-preview:large, max-video-preview:-1\" \/>\n<link rel=\"canonical\" href=\"https:\/\/sbgestion.com\/eu\/servicios\/\" \/>\n<meta property=\"og:locale\" content=\"en_US\" \/>\n<meta property=\"og:type\" content=\"article\" \/>\n<meta property=\"og:title\" content=\"Servicios - SB Gesti\u00f3n Impuestos\" \/>\n<meta property=\"og:description\" content=\"Nuestros servicios Asesor\u00eda fiscal y contable Llevamos la contabilidad y elaboraci\u00f3n de todos los impuestos a los que est\u00e1n obligadas las empresas.Adem\u00e1s, para aquellas que tienen bienes inmuebles en alquiler, ofrecemos el servicio de elaboraci\u00f3n de contratos, presentaci\u00f3n ante el organismo p\u00fablico correspondiente de las fianzas y control y seguimiento anual de las actualizaciones de [&hellip;]\" \/>\n<meta property=\"og:url\" content=\"https:\/\/sbgestion.com\/eu\/servicios\/\" \/>\n<meta property=\"og:site_name\" content=\"SB Gesti\u00f3n Impuestos\" \/>\n<meta property=\"article:modified_time\" content=\"2025-07-11T15:11:55+00:00\" \/>\n<meta property=\"og:image\" content=\"https:\/\/sbgestion.com\/wp-content\/uploads\/2025\/07\/2151953963.jpg\" \/>\n<meta name=\"twitter:card\" content=\"summary_large_image\" \/>\n<meta name=\"twitter:label1\" content=\"Est. reading time\" \/>\n\t<meta name=\"twitter:data1\" content=\"1 minutua\" \/>\n<script type=\"application\/ld+json\" class=\"yoast-schema-graph\">{\"@context\":\"https:\\\/\\\/schema.org\",\"@graph\":[{\"@type\":\"WebPage\",\"@id\":\"https:\\\/\\\/sbgestion.com\\\/servicios\\\/\",\"url\":\"https:\\\/\\\/sbgestion.com\\\/servicios\\\/\",\"name\":\"Servicios - SB Gesti\u00f3n Impuestos\",\"isPartOf\":{\"@id\":\"https:\\\/\\\/sbgestion.com\\\/#website\"},\"primaryImageOfPage\":{\"@id\":\"https:\\\/\\\/sbgestion.com\\\/servicios\\\/#primaryimage\"},\"image\":{\"@id\":\"https:\\\/\\\/sbgestion.com\\\/servicios\\\/#primaryimage\"},\"thumbnailUrl\":\"https:\\\/\\\/sbgestion.com\\\/wp-content\\\/uploads\\\/2025\\\/07\\\/2151953963.jpg\",\"datePublished\":\"2025-07-10T13:58:54+00:00\",\"dateModified\":\"2025-07-11T15:11:55+00:00\",\"breadcrumb\":{\"@id\":\"https:\\\/\\\/sbgestion.com\\\/servicios\\\/#breadcrumb\"},\"inLanguage\":\"eu\",\"potentialAction\":[{\"@type\":\"ReadAction\",\"target\":[\"https:\\\/\\\/sbgestion.com\\\/servicios\\\/\"]}]},{\"@type\":\"ImageObject\",\"inLanguage\":\"eu\",\"@id\":\"https:\\\/\\\/sbgestion.com\\\/servicios\\\/#primaryimage\",\"url\":\"https:\\\/\\\/sbgestion.com\\\/wp-content\\\/uploads\\\/2025\\\/07\\\/2151953963.jpg\",\"contentUrl\":\"https:\\\/\\\/sbgestion.com\\\/wp-content\\\/uploads\\\/2025\\\/07\\\/2151953963.jpg\"},{\"@type\":\"BreadcrumbList\",\"@id\":\"https:\\\/\\\/sbgestion.com\\\/servicios\\\/#breadcrumb\",\"itemListElement\":[{\"@type\":\"ListItem\",\"position\":1,\"name\":\"Portada\",\"item\":\"https:\\\/\\\/sbgestion.com\\\/\"},{\"@type\":\"ListItem\",\"position\":2,\"name\":\"Servicios\"}]},{\"@type\":\"WebSite\",\"@id\":\"https:\\\/\\\/sbgestion.com\\\/#website\",\"url\":\"https:\\\/\\\/sbgestion.com\\\/\",\"name\":\"SB Gesti\u00f3n Impuestos\",\"description\":\"SB Gesti\u00f3n Impuestos\",\"publisher\":{\"@id\":\"https:\\\/\\\/sbgestion.com\\\/#organization\"},\"potentialAction\":[{\"@type\":\"SearchAction\",\"target\":{\"@type\":\"EntryPoint\",\"urlTemplate\":\"https:\\\/\\\/sbgestion.com\\\/?s={search_term_string}\"},\"query-input\":{\"@type\":\"PropertyValueSpecification\",\"valueRequired\":true,\"valueName\":\"search_term_string\"}}],\"inLanguage\":\"eu\"},{\"@type\":\"Organization\",\"@id\":\"https:\\\/\\\/sbgestion.com\\\/#organization\",\"name\":\"SB Gesti\u00f3n Impuestos\",\"url\":\"https:\\\/\\\/sbgestion.com\\\/\",\"logo\":{\"@type\":\"ImageObject\",\"inLanguage\":\"eu\",\"@id\":\"https:\\\/\\\/sbgestion.com\\\/#\\\/schema\\\/logo\\\/image\\\/\",\"url\":\"https:\\\/\\\/sbgestion.com\\\/wp-content\\\/uploads\\\/2025\\\/07\\\/cropped-SB-05.png\",\"contentUrl\":\"https:\\\/\\\/sbgestion.com\\\/wp-content\\\/uploads\\\/2025\\\/07\\\/cropped-SB-05.png\",\"width\":752,\"height\":86,\"caption\":\"SB Gesti\u00f3n Impuestos\"},\"image\":{\"@id\":\"https:\\\/\\\/sbgestion.com\\\/#\\\/schema\\\/logo\\\/image\\\/\"}}]}<\/script>\n<!-- \/ Yoast SEO plugin. -->","yoast_head_json":{"title":"Servicios - SB Gesti\u00f3n Impuestos","robots":{"index":"index","follow":"follow","max-snippet":"max-snippet:-1","max-image-preview":"max-image-preview:large","max-video-preview":"max-video-preview:-1"},"canonical":"https:\/\/sbgestion.com\/eu\/servicios\/","og_locale":"en_US","og_type":"article","og_title":"Servicios - SB Gesti\u00f3n Impuestos","og_description":"Nuestros servicios Asesor\u00eda fiscal y contable Llevamos la contabilidad y elaboraci\u00f3n de todos los impuestos a los que est\u00e1n obligadas las empresas.Adem\u00e1s, para aquellas que tienen bienes inmuebles en alquiler, ofrecemos el servicio de elaboraci\u00f3n de contratos, presentaci\u00f3n ante el organismo p\u00fablico correspondiente de las fianzas y control y seguimiento anual de las actualizaciones de [&hellip;]","og_url":"https:\/\/sbgestion.com\/eu\/servicios\/","og_site_name":"SB Gesti\u00f3n Impuestos","article_modified_time":"2025-07-11T15:11:55+00:00","og_image":[{"url":"https:\/\/sbgestion.com\/wp-content\/uploads\/2025\/07\/2151953963.jpg","type":"","width":"","height":""}],"twitter_card":"summary_large_image","twitter_misc":{"Est. reading time":"1 minutua"},"schema":{"@context":"https:\/\/schema.org","@graph":[{"@type":"WebPage","@id":"https:\/\/sbgestion.com\/servicios\/","url":"https:\/\/sbgestion.com\/servicios\/","name":"Servicios - SB Gesti\u00f3n Impuestos","isPartOf":{"@id":"https:\/\/sbgestion.com\/#website"},"primaryImageOfPage":{"@id":"https:\/\/sbgestion.com\/servicios\/#primaryimage"},"image":{"@id":"https:\/\/sbgestion.com\/servicios\/#primaryimage"},"thumbnailUrl":"https:\/\/sbgestion.com\/wp-content\/uploads\/2025\/07\/2151953963.jpg","datePublished":"2025-07-10T13:58:54+00:00","dateModified":"2025-07-11T15:11:55+00:00","breadcrumb":{"@id":"https:\/\/sbgestion.com\/servicios\/#breadcrumb"},"inLanguage":"eu","potentialAction":[{"@type":"ReadAction","target":["https:\/\/sbgestion.com\/servicios\/"]}]},{"@type":"ImageObject","inLanguage":"eu","@id":"https:\/\/sbgestion.com\/servicios\/#primaryimage","url":"https:\/\/sbgestion.com\/wp-content\/uploads\/2025\/07\/2151953963.jpg","contentUrl":"https:\/\/sbgestion.com\/wp-content\/uploads\/2025\/07\/2151953963.jpg"},{"@type":"BreadcrumbList","@id":"https:\/\/sbgestion.com\/servicios\/#breadcrumb","itemListElement":[{"@type":"ListItem","position":1,"name":"Portada","item":"https:\/\/sbgestion.com\/"},{"@type":"ListItem","position":2,"name":"Servicios"}]},{"@type":"WebSite","@id":"https:\/\/sbgestion.com\/#website","url":"https:\/\/sbgestion.com\/","name":"SB Gesti\u00f3n Impuestos","description":"SB Gesti\u00f3n Impuestos","publisher":{"@id":"https:\/\/sbgestion.com\/#organization"},"potentialAction":[{"@type":"SearchAction","target":{"@type":"EntryPoint","urlTemplate":"https:\/\/sbgestion.com\/?s={search_term_string}"},"query-input":{"@type":"PropertyValueSpecification","valueRequired":true,"valueName":"search_term_string"}}],"inLanguage":"eu"},{"@type":"Organization","@id":"https:\/\/sbgestion.com\/#organization","name":"SB Gesti\u00f3n Impuestos","url":"https:\/\/sbgestion.com\/","logo":{"@type":"ImageObject","inLanguage":"eu","@id":"https:\/\/sbgestion.com\/#\/schema\/logo\/image\/","url":"https:\/\/sbgestion.com\/wp-content\/uploads\/2025\/07\/cropped-SB-05.png","contentUrl":"https:\/\/sbgestion.com\/wp-content\/uploads\/2025\/07\/cropped-SB-05.png","width":752,"height":86,"caption":"SB Gesti\u00f3n Impuestos"},"image":{"@id":"https:\/\/sbgestion.com\/#\/schema\/logo\/image\/"}}]}},"_links":{"self":[{"href":"https:\/\/sbgestion.com\/eu\/wp-json\/wp\/v2\/pages\/10","targetHints":{"allow":["GET"]}}],"collection":[{"href":"https:\/\/sbgestion.com\/eu\/wp-json\/wp\/v2\/pages"}],"about":[{"href":"https:\/\/sbgestion.com\/eu\/wp-json\/wp\/v2\/types\/page"}],"author":[{"embeddable":true,"href":"https:\/\/sbgestion.com\/eu\/wp-json\/wp\/v2\/users\/1"}],"replies":[{"embeddable":true,"href":"https:\/\/sbgestion.com\/eu\/wp-json\/wp\/v2\/comments?post=10"}],"version-history":[{"count":202,"href":"https:\/\/sbgestion.com\/eu\/wp-json\/wp\/v2\/pages\/10\/revisions"}],"predecessor-version":[{"id":876,"href":"https:\/\/sbgestion.com\/eu\/wp-json\/wp\/v2\/pages\/10\/revisions\/876"}],"wp:attachment":[{"href":"https:\/\/sbgestion.com\/eu\/wp-json\/wp\/v2\/media?parent=10"}],"curies":[{"name":"wp","href":"https:\/\/api.w.org\/{rel}","templated":true}]}}